{"id":1821,"date":"2020-11-09T04:31:18","date_gmt":"2020-11-09T04:31:18","guid":{"rendered":"https:\/\/zahnaerztin-haar.de\/?page_id=1821"},"modified":"2024-01-29T14:29:13","modified_gmt":"2024-01-29T14:29:13","slug":"lebenslauf-zahnaerztin-witt","status":"publish","type":"page","link":"https:\/\/zahnaerztin-haar.de\/?page_id=1821","title":{"rendered":"Lebenslauf Zahn\u00e4rztin Witt"},"content":{"rendered":"\t\t<div data-elementor-type=\"wp-page\" data-elementor-id=\"1821\" class=\"elementor elementor-1821\">\n\t\t\t\t\t\t\t\t\t<section class=\"elementor-section elementor-top-section elementor-element elementor-element-3673652 elementor-section-boxed elementor-section-height-default elementor-section-height-default\" data-id=\"3673652\" data-element_type=\"section\">\n\t\t\t\t\t\t<div class=\"elementor-container elementor-column-gap-default\">\n\t\t\t\t\t<div class=\"elementor-column elementor-col-100 elementor-top-column elementor-element elementor-element-54c4545c\" data-id=\"54c4545c\" data-element_type=\"column\">\n\t\t\t<div class=\"elementor-widget-wrap elementor-element-populated\">\n\t\t\t\t\t\t\t\t<div class=\"elementor-element elementor-element-78346a79 elementor-widget elementor-widget-text-editor\" data-id=\"78346a79\" data-element_type=\"widget\" data-widget_type=\"text-editor.default\">\n\t\t\t\t<div class=\"elementor-widget-container\">\n\t\t\t<style>\/*! elementor - v3.6.7 - 03-07-2022 *\/\n.elementor-widget-text-editor.elementor-drop-cap-view-stacked .elementor-drop-cap{background-color:#818a91;color:#fff}.elementor-widget-text-editor.elementor-drop-cap-view-framed .elementor-drop-cap{color:#818a91;border:3px solid;background-color:transparent}.elementor-widget-text-editor:not(.elementor-drop-cap-view-default) .elementor-drop-cap{margin-top:8px}.elementor-widget-text-editor:not(.elementor-drop-cap-view-default) .elementor-drop-cap-letter{width:1em;height:1em}.elementor-widget-text-editor .elementor-drop-cap{float:left;text-align:center;line-height:1;font-size:50px}.elementor-widget-text-editor .elementor-drop-cap-letter{display:inline-block}<\/style>\t\t\t\t[et_pb_section fb_built=&#8220;1&#8243; background_color=&#8220;#84d4ee&#8220; admin_label=&#8220;section&#8220;][et_pb_row admin_label=&#8220;row&#8220;][et_pb_column type=&#8220;4_4&#8243; parallax=&#8220;off&#8220; parallax_method=&#8220;on&#8220;][et_pb_text background_layout=&#8220;dark&#8220; admin_label=&#8220;Text&#8220;]\r\n<h1 style=\"text-align: center;\">Zahn\u00e4rztin Madelaine Witt<\/h1>\r\n[\/et_pb_text][\/et_pb_column][\/et_pb_row][\/et_pb_section][et_pb_section fb_built=&#8220;1&#8243; admin_label=&#8220;Sektion&#8220;][et_pb_row parallax_method_1=&#8220;off&#8220; parallax_method_2=&#8220;off&#8220; disabled_on=&#8220;off|off|off&#8220; admin_label=&#8220;Zeile&#8220;][et_pb_column type=&#8220;1_3&#8243; parallax=&#8220;off&#8220; parallax_method=&#8220;off&#8220;][et_pb_image src=&#8220;https:\/\/zahnaerztin-haar.de\/wp-content\/uploads\/2022\/05\/Madeleine-scaled.jpg&#8220;][\/et_pb_image][\/et_pb_column][et_pb_column type=&#8220;2_3&#8243; parallax=&#8220;off&#8220; parallax_method=&#8220;off&#8220;][et_pb_text admin_label=&#8220;Text&#8220;]<h1 style=\"text-align: center;\">Zahn\u00e4rztin Madeleine Witt<\/h1>\n<p>\u00a0<\/p>\n<h2 style=\"text-align: center;\">Beruflicher Werdegang<\/h2>\n<p>\u00a0<\/p>\n<p class=\"MsoNormal\" style=\"margin: 0cm 0cm 0cm 70.9pt; font-size: medium; font-family: Calibri, sans-serif; caret-color: #000000; color: #000000; text-indent: -70.9pt; text-align: left;\"><span style=\"font-size: 10pt; font-family: 'Avenir Light', sans-serif;\"><strong style=\"font-size: 13.3333px;\">2013-2014<\/strong>\u00a0 \u00a0 \u00a0 \u00a0\u00a0Ausbildung zur medizinischen Fachangestellten im Kinderwunschzentrum Hildesheim<\/span><\/p>\n<p class=\"MsoNormal et-fb-mce-line-break-holder\" style=\"margin: 0cm 0cm 0cm 70.9pt; font-size: medium; font-family: Calibri, sans-serif; caret-color: #000000; color: #000000; text-indent: -70.9pt; text-align: left;\">\n<p class=\"MsoNormal\" style=\"margin: 0cm 0cm 0cm 70.9pt; font-size: medium; font-family: Calibri, sans-serif; caret-color: #000000; color: #000000; text-indent: -70.9pt;\"><span style=\"font-size: 10pt; font-family: 'Avenir Light', sans-serif;\"><strong style=\"font-size: 13.3333px;\">2014-2019\u00a0 \u00a0 \u00a0<\/strong>\u00a0 \u00a0Studium der Zahnmedizin an der Georg-August-Universit\u00e4t G\u00f6ttingen und der\u00a0Johannes Gutenberg<\/span><span style=\"font-size: 10pt; font-family: 'Avenir Light', sans-serif;\">\u00a0Universit\u00e4t Mainz<\/span><\/p>\n<p class=\"MsoNormal\" style=\"margin: 0cm 0cm 0cm 70.9pt; font-size: medium; font-family: Calibri, sans-serif; caret-color: #000000; color: #000000; text-indent: -70.9pt;\"><span style=\"font-size: 10pt; font-family: 'Avenir Light', sans-serif;\"><strong style=\"font-size: 13.3333px;\">2019\u00a0 \u00a0\u00a0<\/strong>\u00a0 \u00a0 \u00a0 \u00a0 \u00a0 \u00a0 \u00a0Approbation als Zahn\u00e4rztin an der Universit\u00e4t G\u00f6ttingen &#8211; Examensnote &#8222;sehr gut&#8220;<\/span><\/p>\n<p class=\"MsoNormal et-fb-mce-line-break-holder\" style=\"margin: 0cm 0cm 0cm 70.9pt; font-size: medium; font-family: Calibri, sans-serif; caret-color: #000000; color: #000000; text-indent: -70.9pt;\">\n<p class=\"MsoNormal\" style=\"margin: 0cm 0cm 0cm 70.8pt; font-size: medium; font-family: Calibri, sans-serif; caret-color: #000000; color: #000000; text-indent: -70.8pt;\"><span style=\"font-size: 10pt; font-family: 'Avenir Light', sans-serif;\"><strong style=\"font-size: 13.3333px;\">2019-laufend\u00a0<\/strong>\u00a0\u00a0Forschung in der Abteilung f\u00fcr Urologie und Uroonkologie an der Medizinischen Hochschule Hannover, Epigenetische Ver\u00e4nderung beim Prostatakarzinom<\/span><\/p>\n<p class=\"MsoNormal et-fb-mce-line-break-holder\" style=\"margin: 0cm 0cm 0cm 70.8pt; font-size: medium; font-family: Calibri, sans-serif; caret-color: #000000; color: #000000; text-indent: -70.8pt;\">\n<p class=\"MsoNormal\" style=\"margin: 0cm 0cm 0cm 70.9pt; font-size: medium; font-family: Calibri, sans-serif; caret-color: #000000; color: #000000; text-indent: -70.9pt;\"><span style=\"font-size: 10pt; font-family: 'Avenir Light', sans-serif;\"><strong style=\"font-size: 10pt;\">2020-2021\u00a0\u00a0<\/strong><span style=\"font-size: small;\">\u00a0 \u00a0 \u00a0\u00a0Assistenzzahn\u00e4rztin in Unterschlei\u00dfheim und Oberf\u00f6hring in Praxen mit dem T\u00e4tigkeitsschwerpunkt Implantologie<\/span><\/span><\/p>\n<p class=\"MsoNormal et-fb-mce-line-break-holder\" style=\"margin: 0cm 0cm 0cm 70.9pt; font-size: medium; font-family: Calibri, sans-serif; caret-color: #000000; color: #000000; text-indent: -70.9pt;\">\n<p class=\"MsoNormal\" style=\"margin: 0cm -7.4pt 0.0001pt 70.9pt; font-size: medium; font-family: Calibri, sans-serif; caret-color: #000000; color: #000000; text-indent: -70.9pt;\"><span style=\"font-size: 10pt; font-family: 'Avenir Light', sans-serif;\"><strong style=\"font-size: 13.3333px;\">2021\u00a0\u00a0<\/strong>\u00a0 \u00a0 \u00a0 \u00a0 \u00a0 \u00a0 \u00a0 \u00a0Cerec Kurs sowie Fortbildungen im Bereich Prophylaxe\/Parodontitis (Guided Biofilm Therapy) und der zahn\u00e4rztlichen Chirurgie<\/span><\/p>\n<p class=\"MsoNormal\" style=\"margin: 0cm 0cm 0cm 70.8pt; font-size: medium; font-family: Calibri, sans-serif; caret-color: #000000; color: #000000; text-indent: -70.8pt;\"><span style=\"font-size: 10pt; font-family: 'Avenir Light', sans-serif;\"><strong style=\"font-size: 13.3333px;\">Seit 07\/2021\u00a0<\/strong>\u00a0 \u00a0Angestellte Zahn\u00e4rztin in der Zahnarztpraxis Eva-Marie M\u00fcller, Cerec Anwederin<\/span><\/p>\n<p>\u00a0<\/p>\n<h2><\/h2>\n<h2><\/h2>\n<p>\u00a0<\/p>\n<h2>Forschung \/ Wissenschaftliche T\u00e4tigkeiten<\/h2>\n<p>\u00a0<\/p>\n<p style=\"font-size: 14px;\"><span style=\"background-color: #ffffff; font-size: 13.3333px; color: #000000; font-family: 'Avenir Light', sans-serif; text-indent: -94.4px; caret-color: #000000;\">Forschung in der Abteilung f\u00fcr Urologie und Uroonkologie an der Medizinischen Hochschule Hannover,\u00a0<\/span><span style=\"background-color: #ffffff; font-size: 13.3333px; color: #000000; font-family: 'Avenir Light', sans-serif; text-indent: -94.4px; caret-color: #000000;\">Epigenetische Ver\u00e4nderung beim Prostatakarzinom.<\/span><\/p>\n[\/et_pb_text][\/et_pb_column][\/et_pb_row][\/et_pb_section]\t\t\t\t\t\t<\/div>\n\t\t\t\t<\/div>\n\t\t\t\t\t<\/div>\n\t\t<\/div>\n\t\t\t\t\t\t\t<\/div>\n\t\t<\/section>\n\t\t\t\t\t\t\t<\/div>\n\t\t","protected":false},"excerpt":{"rendered":"<p>[et_pb_section fb_built=&#8220;1&#8243; background_color=&#8220;#84d4ee&#8220; admin_label=&#8220;section&#8220;][et_pb_row admin_label=&#8220;row&#8220;][et_pb_column type=&#8220;4_4&#8243; parallax=&#8220;off&#8220; parallax_method=&#8220;on&#8220;][et_pb_text background_layout=&#8220;dark&#8220; admin_label=&#8220;Text&#8220;] Zahn\u00e4rztin Madelaine Witt [\/et_pb_text][\/et_pb_column][\/et_pb_row][\/et_pb_section][et_pb_section fb_built=&#8220;1&#8243; admin_label=&#8220;Sektion&#8220;][et_pb_row parallax_method_1=&#8220;off&#8220; parallax_method_2=&#8220;off&#8220; disabled_on=&#8220;off|off|off&#8220; admin_label=&#8220;Zeile&#8220;][et_pb_column type=&#8220;1_3&#8243; parallax=&#8220;off&#8220; parallax_method=&#8220;off&#8220;][et_pb_image src=&#8220;https:\/\/zahnaerztin-haar.de\/wp-content\/uploads\/2022\/05\/Madeleine-scaled.jpg&#8220;][\/et_pb_image][\/et_pb_column][et_pb_column type=&#8220;2_3&#8243; parallax=&#8220;off&#8220; parallax_method=&#8220;off&#8220;][et_pb_text admin_label=&#8220;Text&#8220;] Zahn\u00e4rztin Madeleine Witt \u00a0 Beruflicher Werdegang \u00a0 2013-2014\u00a0 \u00a0 \u00a0 \u00a0\u00a0Ausbildung zur medizinischen Fachangestellten im Kinderwunschzentrum Hildesheim 2014-2019\u00a0 \u00a0 \u00a0\u00a0 \u00a0Studium der Zahnmedizin an der Georg-August-Universit\u00e4t G\u00f6ttingen [&hellip;]<\/p>\n","protected":false},"author":1,"featured_media":0,"parent":0,"menu_order":0,"comment_status":"closed","ping_status":"closed","template":"","meta":{"footnotes":""},"class_list":["post-1821","page","type-page","status-publish","hentry"],"_links":{"self":[{"href":"https:\/\/zahnaerztin-haar.de\/index.php?rest_route=\/wp\/v2\/pages\/1821","targetHints":{"allow":["GET"]}}],"collection":[{"href":"https:\/\/zahnaerztin-haar.de\/index.php?rest_route=\/wp\/v2\/pages"}],"about":[{"href":"https:\/\/zahnaerztin-haar.de\/index.php?rest_route=\/wp\/v2\/types\/page"}],"author":[{"embeddable":true,"href":"https:\/\/zahnaerztin-haar.de\/index.php?rest_route=\/wp\/v2\/users\/1"}],"replies":[{"embeddable":true,"href":"https:\/\/zahnaerztin-haar.de\/index.php?rest_route=%2Fwp%2Fv2%2Fcomments&post=1821"}],"version-history":[{"count":49,"href":"https:\/\/zahnaerztin-haar.de\/index.php?rest_route=\/wp\/v2\/pages\/1821\/revisions"}],"predecessor-version":[{"id":2935,"href":"https:\/\/zahnaerztin-haar.de\/index.php?rest_route=\/wp\/v2\/pages\/1821\/revisions\/2935"}],"wp:attachment":[{"href":"https:\/\/zahnaerztin-haar.de\/index.php?rest_route=%2Fwp%2Fv2%2Fmedia&parent=1821"}],"curies":[{"name":"wp","href":"https:\/\/api.w.org\/{rel}","templated":true}]}}